{"id":393,"date":"2012-02-07T08:06:11","date_gmt":"2012-02-07T07:06:11","guid":{"rendered":"http:\/\/wpexplorer.com\/premium\/office\/?page_id=393"},"modified":"2019-06-21T20:25:05","modified_gmt":"2019-06-21T19:25:05","slug":"staff","status":"publish","type":"page","link":"http:\/\/www.infirst.tn\/?page_id=393","title":{"rendered":"Staff"},"content":{"rendered":"<p><strong>InFirst Auditors <\/strong>est le fruit d\u2019une synergie entre deux experts comptables M. Mohamed TRIKI et M. Khalil CHAKROUN.<\/p>\n<p>Le C<em>abinet <\/em>se d\u00e9marque par la qualit\u00e9 de ses services personnalis\u00e9s et une forte expertise dans le domaine de l&rsquo;audit, de la fiscalit\u00e9, de la finance d\u2019entreprise et du droit des soci\u00e9t\u00e9s.<\/p>\n<p>Au fil des ann\u00e9es, nous avons accompagn\u00e9 les dirigeants et investisseurs, tunisiens et \u00e9trangers, dans l\u2019atteinte de leurs objectifs de croissance et de d\u00e9veloppement, dans le respect de la r\u00e8glementation en vigueur.<\/p>\n\n\n<p><\/p>\n","protected":false},"excerpt":{"rendered":"<p>InFirst Auditors est le fruit d\u2019une synergie entre deux experts comptables M. Mohamed TRIKI et M. Khalil CHAKROUN. Le Cabinet se d\u00e9marque par la qualit\u00e9 de ses services personnalis\u00e9s et une forte expertise dans le domaine de l&rsquo;audit, de la fiscalit\u00e9, de la finance d\u2019entreprise et du droit des soci\u00e9t\u00e9s. Au fil des ann\u00e9es, nous avons accompagn\u00e9 les dirigeants et\u2026<\/p>\n","protected":false},"author":1,"featured_media":0,"parent":1622,"menu_order":0,"comment_status":"closed","ping_status":"closed","template":"template-staff.php","meta":{"footnotes":""},"class_list":["post-393","page","type-page","status-publish","hentry"],"_links":{"self":[{"href":"http:\/\/www.infirst.tn\/index.php?rest_route=\/wp\/v2\/pages\/393","targetHints":{"allow":["GET"]}}],"collection":[{"href":"http:\/\/www.infirst.tn\/index.php?rest_route=\/wp\/v2\/pages"}],"about":[{"href":"http:\/\/www.infirst.tn\/index.php?rest_route=\/wp\/v2\/types\/page"}],"author":[{"embeddable":true,"href":"http:\/\/www.infirst.tn\/index.php?rest_route=\/wp\/v2\/users\/1"}],"replies":[{"embeddable":true,"href":"http:\/\/www.infirst.tn\/index.php?rest_route=%2Fwp%2Fv2%2Fcomments&post=393"}],"version-history":[{"count":10,"href":"http:\/\/www.infirst.tn\/index.php?rest_route=\/wp\/v2\/pages\/393\/revisions"}],"predecessor-version":[{"id":3186,"href":"http:\/\/www.infirst.tn\/index.php?rest_route=\/wp\/v2\/pages\/393\/revisions\/3186"}],"up":[{"embeddable":true,"href":"http:\/\/www.infirst.tn\/index.php?rest_route=\/wp\/v2\/pages\/1622"}],"wp:attachment":[{"href":"http:\/\/www.infirst.tn\/index.php?rest_route=%2Fwp%2Fv2%2Fmedia&parent=393"}],"curies":[{"name":"wp","href":"https:\/\/api.w.org\/{rel}","templated":true}]}}