{"id":1907,"date":"2015-01-22T01:55:04","date_gmt":"2015-01-22T00:55:04","guid":{"rendered":"http:\/\/www.infirst.tn\/?page_id=1907"},"modified":"2019-07-17T09:53:33","modified_gmt":"2019-07-17T08:53:33","slug":"carriere","status":"publish","type":"page","link":"http:\/\/www.infirst.tn\/?page_id=1907","title":{"rendered":"Carri\u00e8re"},"content":{"rendered":"<p>Chez <strong><em>InFirst Auditors<\/em><\/strong> nous \u0153uvrons \u00e0 parfaire la formation de nos collaborateurs par la diversification des missions et des secteurs. La polyvalence et la responsabilisation font la diff\u00e9rence de nos collaborateurs.<\/p>\n<p>Restant toujours \u00e0 l\u2019\u00e9coute, nous entretenons des relations saines avec nos collaborateurs pour leur r\u00e9ussite et carri\u00e8re professionnelle. Nous veillons \u00e0 int\u00e9grer les personnes souhaitant travailler dans des fonctions de responsabilit\u00e9 : Directeur Financier, Auditeur interne, Contr\u00f4leur de gestion, \u2026<\/p>\n<p><strong><em>InFirst Auditors<\/em><\/strong>\u00a0recrute des auditeurs ayant obtenu leur dipl\u00f4me de r\u00e9vision comptable pour intervenir dans le cadre de nos missions d&rsquo;audit et d&rsquo;expertise comptable aupr\u00e8s d&rsquo;une client\u00e8le diversifi\u00e9e. Rejoignez-nous et contribuez \u00e0 la r\u00e9ussite du cabinet.<\/p>\n<div class=\"wpcf7 no-js\" id=\"wpcf7-f1814-o1\" lang=\"fr-FR\" dir=\"ltr\">\n<div class=\"screen-reader-response\">\n<p role=\"status\" aria-live=\"polite\" aria-atomic=\"true\">\n<ul><\/ul>\n<\/div>\n<form action=\"\/index.php?rest_route=%2Fwp%2Fv2%2Fpages%2F1907#wpcf7-f1814-o1\" method=\"post\" class=\"wpcf7-form init\" aria-label=\"Formulaire de contact\" enctype=\"multipart\/form-data\" novalidate=\"novalidate\" data-status=\"init\">\n<div style=\"display: none;\">\n<input type=\"hidden\" name=\"_wpcf7\" value=\"1814\" \/><br \/>\n<input type=\"hidden\" name=\"_wpcf7_version\" value=\"5.7.6\" \/><br \/>\n<input type=\"hidden\" name=\"_wpcf7_locale\" value=\"fr_FR\" \/><br \/>\n<input type=\"hidden\" name=\"_wpcf7_unit_tag\" value=\"wpcf7-f1814-o1\" \/><br \/>\n<input type=\"hidden\" name=\"_wpcf7_container_post\" value=\"0\" \/><br \/>\n<input type=\"hidden\" name=\"_wpcf7_posted_data_hash\" value=\"\" \/>\n<\/div>\n<p>Votre nom (*)\n<\/p>\n<p><span class=\"wpcf7-form-control-wrap\" data-name=\"your-name\"><input size=\"40\" class=\"wpcf7-form-control wpcf7-text wpcf7-validates-as-required\" aria-required=\"true\" aria-invalid=\"false\" value=\"\" type=\"text\" name=\"your-name\" \/><\/span>\n<\/p>\n<p>Votre pr\u00e9nom (*)\n<\/p>\n<p><span class=\"wpcf7-form-control-wrap\" data-name=\"prnom\"><input size=\"40\" class=\"wpcf7-form-control wpcf7-text wpcf7-validates-as-required\" aria-required=\"true\" aria-invalid=\"false\" value=\"\" type=\"text\" name=\"prnom\" \/><\/span>\n<\/p>\n<p>Votre email (*)\n<\/p>\n<p><span class=\"wpcf7-form-control-wrap\" data-name=\"your-email\"><input size=\"40\" class=\"wpcf7-form-control wpcf7-text wpcf7-email wpcf7-validates-as-required wpcf7-validates-as-email\" aria-required=\"true\" aria-invalid=\"false\" value=\"\" type=\"email\" name=\"your-email\" \/><\/span>\n<\/p>\n<p>Votre t\u00e9l\u00e9phone\n<\/p>\n<p><span class=\"wpcf7-form-control-wrap\" data-name=\"tel-750\"><input size=\"40\" class=\"wpcf7-form-control wpcf7-text wpcf7-tel wpcf7-validates-as-required wpcf7-validates-as-tel\" aria-required=\"true\" aria-invalid=\"false\" value=\"\" type=\"tel\" name=\"tel-750\" \/><\/span>\n<\/p>\n<p>Niveau d'\u00e9tude (*)\n<\/p>\n<p><span class=\"wpcf7-form-control-wrap\" data-name=\"Niveaudetude\"><select class=\"wpcf7-form-control wpcf7-select wpcf7-validates-as-required\" aria-required=\"true\" aria-invalid=\"false\" name=\"Niveaudetude\"><option value=\"\">&#8212;Veuillez choisir une option&#8212;<\/option><option value=\"Licence\">Licence<\/option><option value=\"Master\">Master<\/option><option value=\"R\u00e9vision comptable\">R\u00e9vision comptable<\/option><\/select><\/span>\n<\/p>\n<p>Niveau anglais (*)\n<\/p>\n<p><span class=\"wpcf7-form-control-wrap\" data-name=\"anglais\"><select class=\"wpcf7-form-control wpcf7-select wpcf7-validates-as-required\" aria-required=\"true\" aria-invalid=\"false\" name=\"anglais\"><option value=\"\">&#8212;Veuillez choisir une option&#8212;<\/option><option value=\"Op\u00e9rationnel\">Op\u00e9rationnel<\/option><option value=\"Non op\u00e9rationnel\">Non op\u00e9rationnel<\/option><\/select><\/span>\n<\/p>\n<p>Exp\u00e9rience (*)\n<\/p>\n<p><span class=\"wpcf7-form-control-wrap\" data-name=\"experience\"><select class=\"wpcf7-form-control wpcf7-select wpcf7-validates-as-required\" aria-required=\"true\" aria-invalid=\"false\" name=\"experience\"><option value=\"\">&#8212;Veuillez choisir une option&#8212;<\/option><option value=\"Moins d&#039;un an\">Moins d&#039;un an<\/option><option value=\"Entre 1 et 3 ans\">Entre 1 et 3 ans<\/option><option value=\"+ de 3 ans\">+ de 3 ans<\/option><\/select><\/span>\n<\/p>\n<p>Poste demand\u00e9 (*)\n<\/p>\n<p><span class=\"wpcf7-form-control-wrap\" data-name=\"Poste\"><select class=\"wpcf7-form-control wpcf7-select wpcf7-validates-as-required\" aria-required=\"true\" aria-invalid=\"false\" name=\"Poste\"><option value=\"\">&#8212;Veuillez choisir une option&#8212;<\/option><option value=\"Audit\">Audit<\/option><option value=\"Outsourcing &amp; Accounting\">Outsourcing &amp; Accounting<\/option><option value=\"Tax &amp; Law\">Tax &amp; Law<\/option><option value=\"Advisory\">Advisory<\/option><\/select><\/span>\n<\/p>\n<p>Votre message\n<\/p>\n<p><span class=\"wpcf7-form-control-wrap\" data-name=\"your-message\"><textarea cols=\"40\" rows=\"10\" class=\"wpcf7-form-control wpcf7-textarea\" aria-invalid=\"false\" name=\"your-message\"><\/textarea><\/span>\n<\/p>\n<p>Votre CV (*)\n<\/p>\n<p><span class=\"wpcf7-form-control-wrap\" data-name=\"file-737\"><input size=\"40\" class=\"wpcf7-form-control wpcf7-file wpcf7-validates-as-required\" accept=\".doc,.docx,.pdf,.jpg\" aria-required=\"true\" aria-invalid=\"false\" type=\"file\" name=\"file-737\" \/><\/span>\n<\/p>\n<p><input class=\"wpcf7-form-control has-spinner wpcf7-submit\" type=\"submit\" value=\"Envoyer\" \/>\n<\/p>\n<div class=\"wpcf7-response-output\" aria-hidden=\"true\"><\/div>\n<\/form>\n<\/div>\n","protected":false},"excerpt":{"rendered":"<p>Chez InFirst Auditors nous \u0153uvrons \u00e0 parfaire la formation de nos collaborateurs par la diversification des missions et des secteurs. La polyvalence et la responsabilisation font la diff\u00e9rence de nos collaborateurs. Restant toujours \u00e0 l\u2019\u00e9coute, nous entretenons des relations saines avec nos collaborateurs pour leur r\u00e9ussite et carri\u00e8re professionnelle. Nous veillons \u00e0 int\u00e9grer les personnes souhaitant travailler dans des fonctions\u2026<\/p>\n","protected":false},"author":1,"featured_media":0,"parent":0,"menu_order":0,"comment_status":"open","ping_status":"open","template":"","meta":{"footnotes":""},"class_list":["post-1907","page","type-page","status-publish","hentry"],"_links":{"self":[{"href":"http:\/\/www.infirst.tn\/index.php?rest_route=\/wp\/v2\/pages\/1907","targetHints":{"allow":["GET"]}}],"collection":[{"href":"http:\/\/www.infirst.tn\/index.php?rest_route=\/wp\/v2\/pages"}],"about":[{"href":"http:\/\/www.infirst.tn\/index.php?rest_route=\/wp\/v2\/types\/page"}],"author":[{"embeddable":true,"href":"http:\/\/www.infirst.tn\/index.php?rest_route=\/wp\/v2\/users\/1"}],"replies":[{"embeddable":true,"href":"http:\/\/www.infirst.tn\/index.php?rest_route=%2Fwp%2Fv2%2Fcomments&post=1907"}],"version-history":[{"count":6,"href":"http:\/\/www.infirst.tn\/index.php?rest_route=\/wp\/v2\/pages\/1907\/revisions"}],"predecessor-version":[{"id":3237,"href":"http:\/\/www.infirst.tn\/index.php?rest_route=\/wp\/v2\/pages\/1907\/revisions\/3237"}],"wp:attachment":[{"href":"http:\/\/www.infirst.tn\/index.php?rest_route=%2Fwp%2Fv2%2Fmedia&parent=1907"}],"curies":[{"name":"wp","href":"https:\/\/api.w.org\/{rel}","templated":true}]}}