{"id":1768,"date":"2014-11-22T10:55:22","date_gmt":"2014-11-22T09:55:22","guid":{"rendered":"http:\/\/www.infirst.tn\/?page_id=1768"},"modified":"2019-07-16T14:51:25","modified_gmt":"2019-07-16T13:51:25","slug":"nos-valeurs","status":"publish","type":"page","link":"http:\/\/www.infirst.tn\/?page_id=1768","title":{"rendered":"Nos valeurs"},"content":{"rendered":"<p>Gr\u00e2ce \u00e0 des valeurs rigoureusement respect\u00e9es par les associ\u00e9s de <strong>InFirst Auditors<\/strong>, l&rsquo;accompagnement des entreprises s\u2019effectue dans le respect des r\u00e8gles d&rsquo;\u00e9thique professionnelle et de la confiance.<\/p>\n<p>Nous nous engageons \u00e0 fournir des services professionnels avec comp\u00e9tence, soin et diligence et de conserver en permanence un niveau de connaissances et de comp\u00e9tences professionnelles justifiant les attentes de nos clients.<\/p>\n<p><strong>InFirst Auditors<\/strong> a pour objectif d\u2019agir avec un haut niveau de professionnalisme, d\u2019atteindre l\u2019excellence et de satisfaire les exigences des clients. Pour ce faire, quatre imp\u00e9ratifs fondamentaux s\u2019imposent (1) <em><strong>Cr\u00e9dibilit\u00e9<\/strong>, (2)&nbsp; <\/em><em><strong>Professionnalisme<\/strong>, (3) <\/em><em><strong>Qualit\u00e9 des services<\/strong> et (4) <\/em><em><strong>Confiance<\/strong>.<\/em><\/p>\n<p>Pour atteindre nos objectifs, nous nous engageons \u00e0 fournir un travail de qualit\u00e9 dans le respect des principes fondamentaux suivants (i) Int\u00e9grit\u00e9, (ii) <em><strong>Objectivit\u00e9<\/strong><\/em>, (iii) <em><strong>Comp\u00e9tence professionnelle<\/strong><\/em>, (iv) <em><strong>Confidentialit\u00e9<\/strong><\/em>, (v) <em><strong>Professionnalisme<\/strong> <\/em>et (vi) <em><strong>Respect des normes techniques et professionnelles<\/strong><\/em>.<\/p>\n\n\n<p><\/p>\n","protected":false},"excerpt":{"rendered":"<p>Gr\u00e2ce \u00e0 des valeurs rigoureusement respect\u00e9es par les associ\u00e9s de InFirst Auditors, l&rsquo;accompagnement des entreprises s\u2019effectue dans le respect des r\u00e8gles d&rsquo;\u00e9thique professionnelle et de la confiance. Nous nous engageons \u00e0 fournir des services professionnels avec comp\u00e9tence, soin et diligence et de conserver en permanence un niveau de connaissances et de comp\u00e9tences professionnelles justifiant les attentes de nos clients. InFirst\u2026<\/p>\n","protected":false},"author":1,"featured_media":0,"parent":1622,"menu_order":0,"comment_status":"open","ping_status":"closed","template":"template-services.php","meta":{"footnotes":""},"class_list":["post-1768","page","type-page","status-publish","hentry"],"_links":{"self":[{"href":"http:\/\/www.infirst.tn\/index.php?rest_route=\/wp\/v2\/pages\/1768","targetHints":{"allow":["GET"]}}],"collection":[{"href":"http:\/\/www.infirst.tn\/index.php?rest_route=\/wp\/v2\/pages"}],"about":[{"href":"http:\/\/www.infirst.tn\/index.php?rest_route=\/wp\/v2\/types\/page"}],"author":[{"embeddable":true,"href":"http:\/\/www.infirst.tn\/index.php?rest_route=\/wp\/v2\/users\/1"}],"replies":[{"embeddable":true,"href":"http:\/\/www.infirst.tn\/index.php?rest_route=%2Fwp%2Fv2%2Fcomments&post=1768"}],"version-history":[{"count":9,"href":"http:\/\/www.infirst.tn\/index.php?rest_route=\/wp\/v2\/pages\/1768\/revisions"}],"predecessor-version":[{"id":3468,"href":"http:\/\/www.infirst.tn\/index.php?rest_route=\/wp\/v2\/pages\/1768\/revisions\/3468"}],"up":[{"embeddable":true,"href":"http:\/\/www.infirst.tn\/index.php?rest_route=\/wp\/v2\/pages\/1622"}],"wp:attachment":[{"href":"http:\/\/www.infirst.tn\/index.php?rest_route=%2Fwp%2Fv2%2Fmedia&parent=1768"}],"curies":[{"name":"wp","href":"https:\/\/api.w.org\/{rel}","templated":true}]}}